{"id":307,"date":"2019-08-21T10:52:10","date_gmt":"2019-08-21T10:52:10","guid":{"rendered":"https:\/\/sarapreis.de\/index.php\/blog\/"},"modified":"2023-01-01T22:13:19","modified_gmt":"2023-01-01T22:13:19","slug":"blog","status":"publish","type":"page","link":"https:\/\/sarapreis.de\/index.php\/blog\/","title":{"rendered":"Blog"},"content":{"rendered":"\t\t<div data-elementor-type=\"wp-page\" data-elementor-id=\"307\" class=\"elementor elementor-307\">\n\t\t\t\t\t\t\t\t\t<section class=\"elementor-section elementor-top-section elementor-element elementor-element-c0b35f0 elementor-section-boxed elementor-section-height-default elementor-section-height-default\" data-id=\"c0b35f0\" data-element_type=\"section\">\n\t\t\t\t\t\t<div class=\"elementor-container elementor-column-gap-default\">\n\t\t\t\t\t<div class=\"elementor-column elementor-col-100 elementor-top-column elementor-element elementor-element-48e6995\" data-id=\"48e6995\" data-element_type=\"column\">\n\t\t\t<div class=\"elementor-widget-wrap elementor-element-populated\">\n\t\t\t\t\t\t\t\t<div class=\"elementor-element elementor-element-854007b elementor-widget elementor-widget-image\" data-id=\"854007b\" data-element_type=\"widget\" data-widget_type=\"image.default\">\n\t\t\t\t<div class=\"elementor-widget-container\">\n\t\t\t<style>\/*! elementor - v3.7.4 - 31-08-2022 *\/\n.elementor-widget-image{text-align:center}.elementor-widget-image a{display:inline-block}.elementor-widget-image a img[src$=\".svg\"]{width:48px}.elementor-widget-image img{vertical-align:middle;display:inline-block}<\/style>\t\t\t\t\t\t\t\t\t\t\t\t<img decoding=\"async\" width=\"1024\" height=\"962\" src=\"https:\/\/sarapreis.de\/wp-content\/uploads\/2023\/01\/macaroons-pastries-french-pastries-7509083-1024x962.jpg\" class=\"attachment-large size-large\" alt=\"macaroons, pastries, french pastries-7509083.jpg\" loading=\"lazy\" srcset=\"https:\/\/sarapreis.de\/wp-content\/uploads\/2023\/01\/macaroons-pastries-french-pastries-7509083-1024x962.jpg 1024w, https:\/\/sarapreis.de\/wp-content\/uploads\/2023\/01\/macaroons-pastries-french-pastries-7509083-300x282.jpg 300w, https:\/\/sarapreis.de\/wp-content\/uploads\/2023\/01\/macaroons-pastries-french-pastries-7509083-768x721.jpg 768w, https:\/\/sarapreis.de\/wp-content\/uploads\/2023\/01\/macaroons-pastries-french-pastries-7509083.jpg 1280w\" sizes=\"(max-width: 1024px) 100vw, 1024px\" \/>\t\t\t\t\t\t\t\t\t\t\t\t\t\t\t<\/div>\n\t\t\t\t<\/div>\n\t\t\t\t<div class=\"elementor-element elementor-element-ea165fd elementor-widget elementor-widget-text-editor\" data-id=\"ea165fd\" data-element_type=\"widget\" data-widget_type=\"text-editor.default\">\n\t\t\t\t<div class=\"elementor-widget-container\">\n\t\t\t<style>\/*! elementor - v3.7.4 - 31-08-2022 *\/\n.elementor-widget-text-editor.elementor-drop-cap-view-stacked .elementor-drop-cap{background-color:#818a91;color:#fff}.elementor-widget-text-editor.elementor-drop-cap-view-framed .elementor-drop-cap{color:#818a91;border:3px solid;background-color:transparent}.elementor-widget-text-editor:not(.elementor-drop-cap-view-default) .elementor-drop-cap{margin-top:8px}.elementor-widget-text-editor:not(.elementor-drop-cap-view-default) .elementor-drop-cap-letter{width:1em;height:1em}.elementor-widget-text-editor .elementor-drop-cap{float:left;text-align:center;line-height:1;font-size:50px}.elementor-widget-text-editor .elementor-drop-cap-letter{display:inline-block}<\/style>\t\t\t\t<h4><strong><u>Herzlich Willkommen bei den monatlichen Rezepten!<\/u><\/strong><\/h4>\n<p>Hier werden <strong>jeden Monat<\/strong> neue Rezepte passend zur aktuellen Jahreszeit ver\u00f6ffentlicht.<\/p>\n<p>Es wird jeweils immer ein herzhaftes und ein s\u00fc\u00dfes Rezept geben.<\/p>\n<p>Es gibt eine unterschiedliche Auswahl an einfachen Rezepten von knackigen Salaten \u00fcber bunte Hauptspeisen mit viel Gem\u00fcse, bis hin zu leckeren, ges\u00fcnderen Desserts.<\/p>\n<p>Von Glutenfrei, Vegan, Vegetarisch und Lactosefrei wird immer etwas Neues dabei sein.<\/p>\n<h3>\u00a0<\/h3>\t\t\t\t\t\t<\/div>\n\t\t\t\t<\/div>\n\t\t\t\t\t<\/div>\n\t\t<\/div>\n\t\t\t\t\t\t\t<\/div>\n\t\t<\/section>\n\t\t\t\t<section class=\"elementor-section elementor-top-section elementor-element elementor-element-f9e809f elementor-section-boxed elementor-section-height-default elementor-section-height-default\" data-id=\"f9e809f\" data-element_type=\"section\">\n\t\t\t\t\t\t<div class=\"elementor-container elementor-column-gap-default\">\n\t\t\t\t\t<div class=\"elementor-column elementor-col-50 elementor-top-column elementor-element elementor-element-224183a\" data-id=\"224183a\" data-element_type=\"column\">\n\t\t\t<div class=\"elementor-widget-wrap elementor-element-populated\">\n\t\t\t\t\t\t\t\t<div class=\"elementor-element elementor-element-3f50c66 elementor-button-success elementor-widget elementor-widget-button\" data-id=\"3f50c66\" data-element_type=\"widget\" data-widget_type=\"button.default\">\n\t\t\t\t<div class=\"elementor-widget-container\">\n\t\t\t\t\t<div class=\"elementor-button-wrapper\">\n\t\t\t<a href=\"https:\/\/sarapreis.de\/index.php\/elementor-1807\/\" class=\"elementor-button-link elementor-button elementor-size-sm\" role=\"button\">\n\t\t\t\t\t\t<span class=\"elementor-button-content-wrapper\">\n\t\t\t\t\t\t<span class=\"elementor-button-text\">Rezept 1<\/span>\n\t\t<\/span>\n\t\t\t\t\t<\/a>\n\t\t<\/div>\n\t\t\t\t<\/div>\n\t\t\t\t<\/div>\n\t\t\t\t\t<\/div>\n\t\t<\/div>\n\t\t\t\t<div class=\"elementor-column elementor-col-50 elementor-top-column elementor-element elementor-element-e65eb15\" data-id=\"e65eb15\" data-element_type=\"column\">\n\t\t\t<div class=\"elementor-widget-wrap elementor-element-populated\">\n\t\t\t\t\t\t\t\t<div class=\"elementor-element elementor-element-7528436 elementor-button-success elementor-widget elementor-widget-button\" data-id=\"7528436\" data-element_type=\"widget\" data-widget_type=\"button.default\">\n\t\t\t\t<div class=\"elementor-widget-container\">\n\t\t\t\t\t<div class=\"elementor-button-wrapper\">\n\t\t\t<a href=\"https:\/\/sarapreis.de\/index.php\/elementor-1840\/\" class=\"elementor-button-link elementor-button elementor-size-sm\" role=\"button\">\n\t\t\t\t\t\t<span class=\"elementor-button-content-wrapper\">\n\t\t\t\t\t\t<span class=\"elementor-button-text\">Rezept 2<\/span>\n\t\t<\/span>\n\t\t\t\t\t<\/a>\n\t\t<\/div>\n\t\t\t\t<\/div>\n\t\t\t\t<\/div>\n\t\t\t\t\t<\/div>\n\t\t<\/div>\n\t\t\t\t\t\t\t<\/div>\n\t\t<\/section>\n\t\t\t\t\t\t\t<\/div>\n\t\t","protected":false},"excerpt":{"rendered":"<p>Herzlich Willkommen bei den monatlichen Rezepten! Hier werden jeden Monat neue Rezepte passend zur aktuellen Jahreszeit ver\u00f6ffentlicht. Es wird jeweils immer ein herzhaftes und ein s\u00fc\u00dfes Rezept geben. Es gibt eine unterschiedliche Auswahl an einfachen Rezepten von knackigen Salaten \u00fcber bunte Hauptspeisen mit viel Gem\u00fcse, bis hin zu leckeren, ges\u00fcnderen Desserts. Von Glutenfrei, Vegan, Vegetarisch &hellip;<\/p>\n<p class=\"read-more\"> <a class=\"\" href=\"https:\/\/sarapreis.de\/index.php\/blog\/\"> <span class=\"screen-reader-text\">Blog<\/span> Read More &raquo;<\/a><\/p>\n","protected":false},"author":1,"featured_media":0,"parent":0,"menu_order":0,"comment_status":"closed","ping_status":"closed","template":"","meta":{"om_disable_all_campaigns":false,"_monsterinsights_skip_tracking":false,"_monsterinsights_sitenote_active":false,"_monsterinsights_sitenote_note":"","_monsterinsights_sitenote_category":0,"site-sidebar-layout":"no-sidebar","site-content-layout":"page-builder","ast-global-header-display":"","ast-main-header-display":"","ast-hfb-above-header-display":"","ast-hfb-below-header-display":"","ast-hfb-mobile-header-display":"","site-post-title":"disabled","ast-breadcrumbs-content":"","ast-featured-img":"disabled","footer-sml-layout":"","theme-transparent-header-meta":"default","adv-header-id-meta":"","stick-header-meta":"","header-above-stick-meta":"","header-main-stick-meta":"","header-below-stick-meta":""},"aioseo_notices":[],"uagb_featured_image_src":{"full":false,"thumbnail":false,"medium":false,"medium_large":false,"large":false,"1536x1536":false,"2048x2048":false},"uagb_author_info":{"display_name":"hammada.s1996.ms@gmail.com","author_link":"https:\/\/sarapreis.de\/index.php\/author\/hammada-s1996-msgmail-com\/"},"uagb_comment_info":0,"uagb_excerpt":"Herzlich Willkommen bei den monatlichen Rezepten! Hier werden jeden Monat neue Rezepte passend zur aktuellen Jahreszeit ver\u00f6ffentlicht. Es wird jeweils immer ein herzhaftes und ein s\u00fc\u00dfes Rezept geben. Es gibt eine unterschiedliche Auswahl an einfachen Rezepten von knackigen Salaten \u00fcber bunte Hauptspeisen mit viel Gem\u00fcse, bis hin zu leckeren, ges\u00fcnderen Desserts. Von Glutenfrei, Vegan, Vegetarisch&hellip;","_links":{"self":[{"href":"https:\/\/sarapreis.de\/index.php\/wp-json\/wp\/v2\/pages\/307"}],"collection":[{"href":"https:\/\/sarapreis.de\/index.php\/wp-json\/wp\/v2\/pages"}],"about":[{"href":"https:\/\/sarapreis.de\/index.php\/wp-json\/wp\/v2\/types\/page"}],"author":[{"embeddable":true,"href":"https:\/\/sarapreis.de\/index.php\/wp-json\/wp\/v2\/users\/1"}],"replies":[{"embeddable":true,"href":"https:\/\/sarapreis.de\/index.php\/wp-json\/wp\/v2\/comments?post=307"}],"version-history":[{"count":25,"href":"https:\/\/sarapreis.de\/index.php\/wp-json\/wp\/v2\/pages\/307\/revisions"}],"predecessor-version":[{"id":1847,"href":"https:\/\/sarapreis.de\/index.php\/wp-json\/wp\/v2\/pages\/307\/revisions\/1847"}],"wp:attachment":[{"href":"https:\/\/sarapreis.de\/index.php\/wp-json\/wp\/v2\/media?parent=307"}],"curies":[{"name":"wp","href":"https:\/\/api.w.org\/{rel}","templated":true}]}}