{"id":1840,"date":"2023-01-01T22:08:09","date_gmt":"2023-01-01T22:08:09","guid":{"rendered":"https:\/\/sarapreis.de\/?page_id=1840"},"modified":"2023-02-12T14:09:49","modified_gmt":"2023-02-12T14:09:49","slug":"elementor-1840","status":"publish","type":"page","link":"https:\/\/sarapreis.de\/index.php\/elementor-1840\/","title":{"rendered":"Elementor #1840"},"content":{"rendered":"\t\t<div data-elementor-type=\"wp-page\" data-elementor-id=\"1840\" class=\"elementor elementor-1840\">\n\t\t\t\t\t\t\t\t\t<section class=\"elementor-section elementor-top-section elementor-element elementor-element-25bcdb0 elementor-section-boxed elementor-section-height-default elementor-section-height-default\" data-id=\"25bcdb0\" data-element_type=\"section\">\n\t\t\t\t\t\t<div class=\"elementor-container elementor-column-gap-default\">\n\t\t\t\t\t<div class=\"elementor-column elementor-col-66 elementor-top-column elementor-element elementor-element-9bcf9c2\" data-id=\"9bcf9c2\" data-element_type=\"column\">\n\t\t\t<div class=\"elementor-widget-wrap elementor-element-populated\">\n\t\t\t\t\t\t\t\t<div class=\"elementor-element elementor-element-64f16e2 elementor-widget elementor-widget-heading\" data-id=\"64f16e2\" data-element_type=\"widget\" data-widget_type=\"heading.default\">\n\t\t\t\t<div class=\"elementor-widget-container\">\n\t\t\t<style>\/*! elementor - v3.7.4 - 31-08-2022 *\/\n.elementor-heading-title{padding:0;margin:0;line-height:1}.elementor-widget-heading .elementor-heading-title[class*=elementor-size-]>a{color:inherit;font-size:inherit;line-height:inherit}.elementor-widget-heading .elementor-heading-title.elementor-size-small{font-size:15px}.elementor-widget-heading .elementor-heading-title.elementor-size-medium{font-size:19px}.elementor-widget-heading .elementor-heading-title.elementor-size-large{font-size:29px}.elementor-widget-heading .elementor-heading-title.elementor-size-xl{font-size:39px}.elementor-widget-heading .elementor-heading-title.elementor-size-xxl{font-size:59px}<\/style><h2 class=\"elementor-heading-title elementor-size-default\">Rezept 2<\/h2>\t\t<\/div>\n\t\t\t\t<\/div>\n\t\t\t\t<div class=\"elementor-element elementor-element-563e3d2 elementor-widget elementor-widget-text-editor\" data-id=\"563e3d2\" data-element_type=\"widget\" data-widget_type=\"text-editor.default\">\n\t\t\t\t<div class=\"elementor-widget-container\">\n\t\t\t<style>\/*! elementor - v3.7.4 - 31-08-2022 *\/\n.elementor-widget-text-editor.elementor-drop-cap-view-stacked .elementor-drop-cap{background-color:#818a91;color:#fff}.elementor-widget-text-editor.elementor-drop-cap-view-framed .elementor-drop-cap{color:#818a91;border:3px solid;background-color:transparent}.elementor-widget-text-editor:not(.elementor-drop-cap-view-default) .elementor-drop-cap{margin-top:8px}.elementor-widget-text-editor:not(.elementor-drop-cap-view-default) .elementor-drop-cap-letter{width:1em;height:1em}.elementor-widget-text-editor .elementor-drop-cap{float:left;text-align:center;line-height:1;font-size:50px}.elementor-widget-text-editor .elementor-drop-cap-letter{display:inline-block}<\/style>\t\t\t\t<h4><strong><u>Vegetarische Bolognese mit Nussw\u00fcrze<\/u><\/strong><\/h4><p><strong><u>\u00a0<\/u><\/strong><\/p><h5><strong>\u00a0\u00a0\u00a0\u00a0\u00a0\u00a0\u00a0<span style=\"text-decoration: underline;\"> Zutaten:<\/span><u> (f\u00fcr 2 Portionen!)<\/u><\/strong><\/h5><ul><li>1 Zwiebel<\/li><li>1 Knoblauchzehe<\/li><li>100g Sonnenblumenkerne<\/li><li>4 EL Oliven\u00f6l<\/li><li>1 Dose Tomaten (st\u00fcckig)<\/li><li>2 TL Instant Gem\u00fcsebr\u00fche<\/li><li>1 Prise Salz<\/li><li>1 Prise Pfeffer<\/li><li>2 TL Oregano\/Thymian<\/li><li>2 TL Paprikapulver<\/li><li>1 Prise Zucker<\/li><li>250 g Spaghetti<\/li><li>50 g Cashewkerne<\/li><li>2 El Hefeflocken<\/li><\/ul><p>\u00a0<\/p><h5><strong>\u00a0\u00a0\u00a0\u00a0\u00a0\u00a0 <span style=\"text-decoration: underline;\">Zubereitung:<\/span><\/strong><\/h5><ul><li>Die Zwiebel und den Knoblauch abziehen und fein w\u00fcrfeln.<\/li><li>Die Sonnenblumenkerne grob hacken.<\/li><li>Zwiebel- und Knoblauchw\u00fcrfel in Oliven\u00f6l anschwitzen, Sonnenblumenkerne zugeben und unter R\u00fchren 2-3 Min. mitbraten.<\/li><li>Gew\u00fcrfelte Tomaten zugeben, mit Gem\u00fcsebr\u00fche (Instant), Salz, Pfeffer, italienischen Kr\u00e4utern, Paprikapulver und einer Prise Zucker w\u00fcrzen, zugedeckt ca. 5 Min k\u00f6cheln lassen.<\/li><li>Spaghetti in Salzwasser nach Packungsanleitung ca. 8 Min. garen.<\/li><li>F\u00fcr die Nuss-W\u00fcrze Cashewkerne (oder gesch\u00e4lte Mandelkerne) mit Hefeflocken und 1\/2 TL Salz fein mahlen.<\/li><li>Die Spaghetti abgie\u00dfen, abtropfen lassen, mit Veggie-Bolognese und Nuss-W\u00fcrze anrichten.<\/li><\/ul>\t\t\t\t\t\t<\/div>\n\t\t\t\t<\/div>\n\t\t\t\t<div class=\"elementor-element elementor-element-9258c1d elementor-button-success elementor-widget elementor-widget-button\" data-id=\"9258c1d\" data-element_type=\"widget\" data-widget_type=\"button.default\">\n\t\t\t\t<div class=\"elementor-widget-container\">\n\t\t\t\t\t<div class=\"elementor-button-wrapper\">\n\t\t\t<a href=\"https:\/\/sarapreis.de\/wp-content\/uploads\/2023\/02\/Vegetarische-Bolognese-mit-Nusswurze.docx\" target=\"_blank\" class=\"elementor-button-link elementor-button elementor-size-sm\" role=\"button\">\n\t\t\t\t\t\t<span class=\"elementor-button-content-wrapper\">\n\t\t\t\t\t\t<span class=\"elementor-button-text\">Drucken<\/span>\n\t\t<\/span>\n\t\t\t\t\t<\/a>\n\t\t<\/div>\n\t\t\t\t<\/div>\n\t\t\t\t<\/div>\n\t\t\t\t\t<\/div>\n\t\t<\/div>\n\t\t\t\t<div class=\"elementor-column elementor-col-33 elementor-top-column elementor-element elementor-element-5472742\" data-id=\"5472742\" data-element_type=\"column\">\n\t\t\t<div class=\"elementor-widget-wrap elementor-element-populated\">\n\t\t\t\t\t\t\t\t<div class=\"elementor-element elementor-element-34cdbcf elementor-widget elementor-widget-image\" data-id=\"34cdbcf\" data-element_type=\"widget\" data-widget_type=\"image.default\">\n\t\t\t\t<div class=\"elementor-widget-container\">\n\t\t\t<style>\/*! elementor - v3.7.4 - 31-08-2022 *\/\n.elementor-widget-image{text-align:center}.elementor-widget-image a{display:inline-block}.elementor-widget-image a img[src$=\".svg\"]{width:48px}.elementor-widget-image img{vertical-align:middle;display:inline-block}<\/style>\t\t\t\t\t\t\t\t\t\t\t\t<img decoding=\"async\" width=\"1024\" height=\"1024\" src=\"https:\/\/sarapreis.de\/wp-content\/uploads\/2023\/02\/Spaghetti_mit_Tofu-Bolognese_14716_Featured-1024x1024.jpg\" class=\"attachment-large size-large\" alt=\"\" loading=\"lazy\" srcset=\"https:\/\/sarapreis.de\/wp-content\/uploads\/2023\/02\/Spaghetti_mit_Tofu-Bolognese_14716_Featured-1024x1024.jpg 1024w, https:\/\/sarapreis.de\/wp-content\/uploads\/2023\/02\/Spaghetti_mit_Tofu-Bolognese_14716_Featured-300x300.jpg 300w, https:\/\/sarapreis.de\/wp-content\/uploads\/2023\/02\/Spaghetti_mit_Tofu-Bolognese_14716_Featured-150x150.jpg 150w, https:\/\/sarapreis.de\/wp-content\/uploads\/2023\/02\/Spaghetti_mit_Tofu-Bolognese_14716_Featured-768x768.jpg 768w, https:\/\/sarapreis.de\/wp-content\/uploads\/2023\/02\/Spaghetti_mit_Tofu-Bolognese_14716_Featured.jpg 1080w\" sizes=\"(max-width: 1024px) 100vw, 1024px\" \/>\t\t\t\t\t\t\t\t\t\t\t\t\t\t\t<\/div>\n\t\t\t\t<\/div>\n\t\t\t\t<div class=\"elementor-element elementor-element-89f4b53 elementor-widget elementor-widget-image\" data-id=\"89f4b53\" data-element_type=\"widget\" data-widget_type=\"image.default\">\n\t\t\t\t<div class=\"elementor-widget-container\">\n\t\t\t\t\t\t\t\t\t\t\t\t\t\t\t<img decoding=\"async\" width=\"1024\" height=\"683\" src=\"https:\/\/sarapreis.de\/wp-content\/uploads\/2023\/02\/nudeln-kochen533313_3x2_xl-1024x683.jpg\" class=\"attachment-large size-large\" alt=\"\" loading=\"lazy\" srcset=\"https:\/\/sarapreis.de\/wp-content\/uploads\/2023\/02\/nudeln-kochen533313_3x2_xl-1024x683.jpg 1024w, https:\/\/sarapreis.de\/wp-content\/uploads\/2023\/02\/nudeln-kochen533313_3x2_xl-300x200.jpg 300w, https:\/\/sarapreis.de\/wp-content\/uploads\/2023\/02\/nudeln-kochen533313_3x2_xl-768x512.jpg 768w, https:\/\/sarapreis.de\/wp-content\/uploads\/2023\/02\/nudeln-kochen533313_3x2_xl.jpg 1272w\" sizes=\"(max-width: 1024px) 100vw, 1024px\" \/>\t\t\t\t\t\t\t\t\t\t\t\t\t\t\t<\/div>\n\t\t\t\t<\/div>\n\t\t\t\t<div class=\"elementor-element elementor-element-c3c36e8 elementor-widget elementor-widget-image\" data-id=\"c3c36e8\" data-element_type=\"widget\" data-widget_type=\"image.default\">\n\t\t\t\t<div class=\"elementor-widget-container\">\n\t\t\t\t\t\t\t\t\t\t\t\t\t\t\t<img decoding=\"async\" width=\"828\" height=\"665\" src=\"https:\/\/sarapreis.de\/wp-content\/uploads\/2023\/02\/IMG_3946.jpeg-1.jpeg\" class=\"attachment-large size-large\" alt=\"\" loading=\"lazy\" srcset=\"https:\/\/sarapreis.de\/wp-content\/uploads\/2023\/02\/IMG_3946.jpeg-1.jpeg 828w, https:\/\/sarapreis.de\/wp-content\/uploads\/2023\/02\/IMG_3946.jpeg-1-300x241.jpeg 300w, https:\/\/sarapreis.de\/wp-content\/uploads\/2023\/02\/IMG_3946.jpeg-1-768x617.jpeg 768w\" sizes=\"(max-width: 828px) 100vw, 828px\" \/>\t\t\t\t\t\t\t\t\t\t\t\t\t\t\t<\/div>\n\t\t\t\t<\/div>\n\t\t\t\t\t<\/div>\n\t\t<\/div>\n\t\t\t\t\t\t\t<\/div>\n\t\t<\/section>\n\t\t\t\t\t\t\t<\/div>\n\t\t","protected":false},"excerpt":{"rendered":"<p>Rezept 2 Vegetarische Bolognese mit Nussw\u00fcrze \u00a0 \u00a0\u00a0\u00a0\u00a0\u00a0\u00a0\u00a0 Zutaten: (f\u00fcr 2 Portionen!) 1 Zwiebel 1 Knoblauchzehe 100g Sonnenblumenkerne 4 EL Oliven\u00f6l 1 Dose Tomaten (st\u00fcckig) 2 TL Instant Gem\u00fcsebr\u00fche 1 Prise Salz 1 Prise Pfeffer 2 TL Oregano\/Thymian 2 TL Paprikapulver 1 Prise Zucker 250 g Spaghetti 50 g Cashewkerne 2 El Hefeflocken \u00a0 \u00a0\u00a0\u00a0\u00a0\u00a0\u00a0 &hellip;<\/p>\n<p class=\"read-more\"> <a class=\"\" href=\"https:\/\/sarapreis.de\/index.php\/elementor-1840\/\"> <span class=\"screen-reader-text\">Elementor #1840<\/span> Read More &raquo;<\/a><\/p>\n","protected":false},"author":1,"featured_media":0,"parent":0,"menu_order":0,"comment_status":"closed","ping_status":"closed","template":"","meta":{"om_disable_all_campaigns":false,"_monsterinsights_skip_tracking":false,"_monsterinsights_sitenote_active":false,"_monsterinsights_sitenote_note":"","_monsterinsights_sitenote_category":0,"site-sidebar-layout":"no-sidebar","site-content-layout":"page-builder","ast-global-header-display":"","ast-main-header-display":"","ast-hfb-above-header-display":"","ast-hfb-below-header-display":"","ast-hfb-mobile-header-display":"","site-post-title":"disabled","ast-breadcrumbs-content":"","ast-featured-img":"disabled","footer-sml-layout":"","theme-transparent-header-meta":"","adv-header-id-meta":"","stick-header-meta":"","header-above-stick-meta":"","header-main-stick-meta":"","header-below-stick-meta":""},"aioseo_notices":[],"uagb_featured_image_src":{"full":false,"thumbnail":false,"medium":false,"medium_large":false,"large":false,"1536x1536":false,"2048x2048":false},"uagb_author_info":{"display_name":"hammada.s1996.ms@gmail.com","author_link":"https:\/\/sarapreis.de\/index.php\/author\/hammada-s1996-msgmail-com\/"},"uagb_comment_info":0,"uagb_excerpt":"Rezept 2 Vegetarische Bolognese mit Nussw\u00fcrze \u00a0 \u00a0\u00a0\u00a0\u00a0\u00a0\u00a0\u00a0 Zutaten: (f\u00fcr 2 Portionen!) 1 Zwiebel 1 Knoblauchzehe 100g Sonnenblumenkerne 4 EL Oliven\u00f6l 1 Dose Tomaten (st\u00fcckig) 2 TL Instant Gem\u00fcsebr\u00fche 1 Prise Salz 1 Prise Pfeffer 2 TL Oregano\/Thymian 2 TL Paprikapulver 1 Prise Zucker 250 g Spaghetti 50 g Cashewkerne 2 El Hefeflocken \u00a0 \u00a0\u00a0\u00a0\u00a0\u00a0\u00a0&hellip;","_links":{"self":[{"href":"https:\/\/sarapreis.de\/index.php\/wp-json\/wp\/v2\/pages\/1840"}],"collection":[{"href":"https:\/\/sarapreis.de\/index.php\/wp-json\/wp\/v2\/pages"}],"about":[{"href":"https:\/\/sarapreis.de\/index.php\/wp-json\/wp\/v2\/types\/page"}],"author":[{"embeddable":true,"href":"https:\/\/sarapreis.de\/index.php\/wp-json\/wp\/v2\/users\/1"}],"replies":[{"embeddable":true,"href":"https:\/\/sarapreis.de\/index.php\/wp-json\/wp\/v2\/comments?post=1840"}],"version-history":[{"count":25,"href":"https:\/\/sarapreis.de\/index.php\/wp-json\/wp\/v2\/pages\/1840\/revisions"}],"predecessor-version":[{"id":2080,"href":"https:\/\/sarapreis.de\/index.php\/wp-json\/wp\/v2\/pages\/1840\/revisions\/2080"}],"wp:attachment":[{"href":"https:\/\/sarapreis.de\/index.php\/wp-json\/wp\/v2\/media?parent=1840"}],"curies":[{"name":"wp","href":"https:\/\/api.w.org\/{rel}","templated":true}]}}