{"id":1807,"date":"2023-01-01T21:24:58","date_gmt":"2023-01-01T21:24:58","guid":{"rendered":"https:\/\/sarapreis.de\/?page_id=1807"},"modified":"2023-02-12T14:02:03","modified_gmt":"2023-02-12T14:02:03","slug":"elementor-1807","status":"publish","type":"page","link":"https:\/\/sarapreis.de\/index.php\/elementor-1807\/","title":{"rendered":"Elementor #1807"},"content":{"rendered":"\t\t<div data-elementor-type=\"wp-page\" data-elementor-id=\"1807\" class=\"elementor elementor-1807\">\n\t\t\t\t\t\t\t\t\t<section class=\"elementor-section elementor-top-section elementor-element elementor-element-3de23e3 elementor-section-boxed elementor-section-height-default elementor-section-height-default\" data-id=\"3de23e3\" data-element_type=\"section\">\n\t\t\t\t\t\t<div class=\"elementor-container elementor-column-gap-default\">\n\t\t\t\t\t<div class=\"elementor-column elementor-col-66 elementor-top-column elementor-element elementor-element-a523995\" data-id=\"a523995\" data-element_type=\"column\">\n\t\t\t<div class=\"elementor-widget-wrap elementor-element-populated\">\n\t\t\t\t\t\t\t\t<div class=\"elementor-element elementor-element-9023668 elementor-widget elementor-widget-heading\" data-id=\"9023668\" data-element_type=\"widget\" data-widget_type=\"heading.default\">\n\t\t\t\t<div class=\"elementor-widget-container\">\n\t\t\t<style>\/*! elementor - v3.7.4 - 31-08-2022 *\/\n.elementor-heading-title{padding:0;margin:0;line-height:1}.elementor-widget-heading .elementor-heading-title[class*=elementor-size-]>a{color:inherit;font-size:inherit;line-height:inherit}.elementor-widget-heading .elementor-heading-title.elementor-size-small{font-size:15px}.elementor-widget-heading .elementor-heading-title.elementor-size-medium{font-size:19px}.elementor-widget-heading .elementor-heading-title.elementor-size-large{font-size:29px}.elementor-widget-heading .elementor-heading-title.elementor-size-xl{font-size:39px}.elementor-widget-heading .elementor-heading-title.elementor-size-xxl{font-size:59px}<\/style><h2 class=\"elementor-heading-title elementor-size-xl\">Rezept 1<\/h2>\t\t<\/div>\n\t\t\t\t<\/div>\n\t\t\t\t<div class=\"elementor-element elementor-element-7f5956b elementor-widget elementor-widget-text-editor\" data-id=\"7f5956b\" data-element_type=\"widget\" data-widget_type=\"text-editor.default\">\n\t\t\t\t<div class=\"elementor-widget-container\">\n\t\t\t<style>\/*! elementor - v3.7.4 - 31-08-2022 *\/\n.elementor-widget-text-editor.elementor-drop-cap-view-stacked .elementor-drop-cap{background-color:#818a91;color:#fff}.elementor-widget-text-editor.elementor-drop-cap-view-framed .elementor-drop-cap{color:#818a91;border:3px solid;background-color:transparent}.elementor-widget-text-editor:not(.elementor-drop-cap-view-default) .elementor-drop-cap{margin-top:8px}.elementor-widget-text-editor:not(.elementor-drop-cap-view-default) .elementor-drop-cap-letter{width:1em;height:1em}.elementor-widget-text-editor .elementor-drop-cap{float:left;text-align:center;line-height:1;font-size:50px}.elementor-widget-text-editor .elementor-drop-cap-letter{display:inline-block}<\/style>\t\t\t\t<h4><strong><u>Schnelle Knusperkekse<\/u><\/strong><\/h4><h5><strong>\u00a0\u00a0\u00a0\u00a0\u00a0 \u00a0\u00a0\u00a0\u00a0\u00a0\u00a0<u>Zutaten:<\/u><\/strong><\/h5><ul><li>250g Hirse<\/li><li>200g Banane (ca. 2 Stck.)<\/li><li>100g Margarine<\/li><li>Optional 100g Zartbitterkuvert\u00fcre<\/li><\/ul><h5><strong>\u00a0\u00a0\u00a0\u00a0\u00a0\u00a0\u00a0\u00a0\u00a0\u00a0 Zubereitung:<\/strong><\/h5><ul><li>Zuerst den Backofen auf 175\u00b0C Umluft, vorheizen, 2 Backbleche mit Backpapier auslegen.<\/li><li>Hirse in der Moulinette oder einer Getreidem\u00fchle fein zermahlen und beiseitestellen.<\/li><li>Bananen mit einer Gabel in einem tiefen Teller zerdr\u00fccken, ggf. p\u00fcrieren.<\/li><li>Das Bananenmus in eine R\u00fchrsch\u00fcssel geben.<\/li><li>Die Margarine zugeben und mit dem Handr\u00fchrger\u00e4t auf mittlerer Stufe verr\u00fchren.<\/li><li>Die vorbereitete, gemahlene Hirse nach und nach zugeben und alles nochmals verr\u00fchren.<\/li><li>Mit 2 TL kleine H\u00e4ufchen auf die vorbereiteten Backbleche setzen.<\/li><li>Die H\u00e4ufchen k\u00f6nnen mit einer Gabel etwas flach gedr\u00fcckt werden.<\/li><li>Im Backofen auf mittlerer Schiene, ca. 15 min. goldbraun backen.<\/li><li>Anschlie\u00dfend gut abk\u00fchlen lassen!<\/li><li>Optional Zartbitterkuvert\u00fcre im Wasserbad schmelzen, fl\u00fcssige Schokolade mit einem kleinen L\u00f6ffel \u00fcber die Kekse tr\u00e4ufeln und auf einem Gitter fest werden lassen.<\/li><li>Tipp: nach Belieben k\u00f6nnen noch Waln\u00fcsse, Leinsamen, gemahlene Mandeln oder andere Samen und N\u00fcsse mit in den Teig gegeben werden.<\/li><\/ul>\t\t\t\t\t\t<\/div>\n\t\t\t\t<\/div>\n\t\t\t\t<div class=\"elementor-element elementor-element-45e0c90 elementor-button-success elementor-widget elementor-widget-button\" data-id=\"45e0c90\" data-element_type=\"widget\" data-widget_type=\"button.default\">\n\t\t\t\t<div class=\"elementor-widget-container\">\n\t\t\t\t\t<div class=\"elementor-button-wrapper\">\n\t\t\t<a href=\"https:\/\/sarapreis.de\/wp-content\/uploads\/2023\/02\/Schnelle-Knusperkekse.docx\" target=\"_blank\" class=\"elementor-button-link elementor-button elementor-size-sm\" role=\"button\">\n\t\t\t\t\t\t<span class=\"elementor-button-content-wrapper\">\n\t\t\t\t\t\t<span class=\"elementor-button-text\">Drucken<\/span>\n\t\t<\/span>\n\t\t\t\t\t<\/a>\n\t\t<\/div>\n\t\t\t\t<\/div>\n\t\t\t\t<\/div>\n\t\t\t\t\t<\/div>\n\t\t<\/div>\n\t\t\t\t<div class=\"elementor-column elementor-col-33 elementor-top-column elementor-element elementor-element-2ceb29d\" data-id=\"2ceb29d\" data-element_type=\"column\">\n\t\t\t<div class=\"elementor-widget-wrap elementor-element-populated\">\n\t\t\t\t\t\t\t\t<div class=\"elementor-element elementor-element-25edea1 elementor-widget elementor-widget-image\" data-id=\"25edea1\" data-element_type=\"widget\" data-widget_type=\"image.default\">\n\t\t\t\t<div class=\"elementor-widget-container\">\n\t\t\t<style>\/*! elementor - v3.7.4 - 31-08-2022 *\/\n.elementor-widget-image{text-align:center}.elementor-widget-image a{display:inline-block}.elementor-widget-image a img[src$=\".svg\"]{width:48px}.elementor-widget-image img{vertical-align:middle;display:inline-block}<\/style>\t\t\t\t\t\t\t\t\t\t\t\t<img decoding=\"async\" width=\"375\" height=\"281\" src=\"https:\/\/sarapreis.de\/wp-content\/uploads\/2023\/02\/M65233-Banana-Steps-10-Q75-375.jpg\" class=\"attachment-large size-large\" alt=\"\" loading=\"lazy\" srcset=\"https:\/\/sarapreis.de\/wp-content\/uploads\/2023\/02\/M65233-Banana-Steps-10-Q75-375.jpg 375w, https:\/\/sarapreis.de\/wp-content\/uploads\/2023\/02\/M65233-Banana-Steps-10-Q75-375-300x225.jpg 300w\" sizes=\"(max-width: 375px) 100vw, 375px\" \/>\t\t\t\t\t\t\t\t\t\t\t\t\t\t\t<\/div>\n\t\t\t\t<\/div>\n\t\t\t\t<div class=\"elementor-element elementor-element-c033051 elementor-widget elementor-widget-image\" data-id=\"c033051\" data-element_type=\"widget\" data-widget_type=\"image.default\">\n\t\t\t\t<div class=\"elementor-widget-container\">\n\t\t\t\t\t\t\t\t\t\t\t\t\t\t\t<img decoding=\"async\" width=\"896\" height=\"500\" src=\"https:\/\/sarapreis.de\/wp-content\/uploads\/2023\/02\/Blog-Header_bhkekse.png\" class=\"attachment-full size-full\" alt=\"\" loading=\"lazy\" srcset=\"https:\/\/sarapreis.de\/wp-content\/uploads\/2023\/02\/Blog-Header_bhkekse.png 896w, https:\/\/sarapreis.de\/wp-content\/uploads\/2023\/02\/Blog-Header_bhkekse-300x167.png 300w, https:\/\/sarapreis.de\/wp-content\/uploads\/2023\/02\/Blog-Header_bhkekse-768x429.png 768w\" sizes=\"(max-width: 896px) 100vw, 896px\" \/>\t\t\t\t\t\t\t\t\t\t\t\t\t\t\t<\/div>\n\t\t\t\t<\/div>\n\t\t\t\t<div class=\"elementor-element elementor-element-b8c20aa elementor-widget elementor-widget-image\" data-id=\"b8c20aa\" data-element_type=\"widget\" data-widget_type=\"image.default\">\n\t\t\t\t<div class=\"elementor-widget-container\">\n\t\t\t\t\t\t\t\t\t\t\t\t\t\t\t<img decoding=\"async\" width=\"828\" height=\"795\" src=\"https:\/\/sarapreis.de\/wp-content\/uploads\/2023\/02\/IMG_3947.jpeg-1.jpeg\" class=\"attachment-large size-large\" alt=\"\" loading=\"lazy\" srcset=\"https:\/\/sarapreis.de\/wp-content\/uploads\/2023\/02\/IMG_3947.jpeg-1.jpeg 828w, https:\/\/sarapreis.de\/wp-content\/uploads\/2023\/02\/IMG_3947.jpeg-1-300x288.jpeg 300w, https:\/\/sarapreis.de\/wp-content\/uploads\/2023\/02\/IMG_3947.jpeg-1-768x737.jpeg 768w\" sizes=\"(max-width: 828px) 100vw, 828px\" \/>\t\t\t\t\t\t\t\t\t\t\t\t\t\t\t<\/div>\n\t\t\t\t<\/div>\n\t\t\t\t\t<\/div>\n\t\t<\/div>\n\t\t\t\t\t\t\t<\/div>\n\t\t<\/section>\n\t\t\t\t\t\t\t<\/div>\n\t\t","protected":false},"excerpt":{"rendered":"<p>Rezept 1 Schnelle Knusperkekse \u00a0\u00a0\u00a0\u00a0\u00a0 \u00a0\u00a0\u00a0\u00a0\u00a0\u00a0Zutaten: 250g Hirse 200g Banane (ca. 2 Stck.) 100g Margarine Optional 100g Zartbitterkuvert\u00fcre \u00a0\u00a0\u00a0\u00a0\u00a0\u00a0\u00a0\u00a0\u00a0\u00a0 Zubereitung: Zuerst den Backofen auf 175\u00b0C Umluft, vorheizen, 2 Backbleche mit Backpapier auslegen. Hirse in der Moulinette oder einer Getreidem\u00fchle fein zermahlen und beiseitestellen. Bananen mit einer Gabel in einem tiefen Teller zerdr\u00fccken, ggf. p\u00fcrieren. Das &hellip;<\/p>\n<p class=\"read-more\"> <a class=\"\" href=\"https:\/\/sarapreis.de\/index.php\/elementor-1807\/\"> <span class=\"screen-reader-text\">Elementor #1807<\/span> Read More &raquo;<\/a><\/p>\n","protected":false},"author":1,"featured_media":0,"parent":0,"menu_order":0,"comment_status":"closed","ping_status":"closed","template":"","meta":{"om_disable_all_campaigns":false,"_monsterinsights_skip_tracking":false,"_monsterinsights_sitenote_active":false,"_monsterinsights_sitenote_note":"","_monsterinsights_sitenote_category":0,"site-sidebar-layout":"no-sidebar","site-content-layout":"page-builder","ast-global-header-display":"","ast-main-header-display":"","ast-hfb-above-header-display":"","ast-hfb-below-header-display":"","ast-hfb-mobile-header-display":"","site-post-title":"disabled","ast-breadcrumbs-content":"","ast-featured-img":"disabled","footer-sml-layout":"","theme-transparent-header-meta":"","adv-header-id-meta":"","stick-header-meta":"","header-above-stick-meta":"","header-main-stick-meta":"","header-below-stick-meta":""},"aioseo_notices":[],"uagb_featured_image_src":{"full":false,"thumbnail":false,"medium":false,"medium_large":false,"large":false,"1536x1536":false,"2048x2048":false},"uagb_author_info":{"display_name":"hammada.s1996.ms@gmail.com","author_link":"https:\/\/sarapreis.de\/index.php\/author\/hammada-s1996-msgmail-com\/"},"uagb_comment_info":0,"uagb_excerpt":"Rezept 1 Schnelle Knusperkekse \u00a0\u00a0\u00a0\u00a0\u00a0 \u00a0\u00a0\u00a0\u00a0\u00a0\u00a0Zutaten: 250g Hirse 200g Banane (ca. 2 Stck.) 100g Margarine Optional 100g Zartbitterkuvert\u00fcre \u00a0\u00a0\u00a0\u00a0\u00a0\u00a0\u00a0\u00a0\u00a0\u00a0 Zubereitung: Zuerst den Backofen auf 175\u00b0C Umluft, vorheizen, 2 Backbleche mit Backpapier auslegen. Hirse in der Moulinette oder einer Getreidem\u00fchle fein zermahlen und beiseitestellen. Bananen mit einer Gabel in einem tiefen Teller zerdr\u00fccken, ggf. p\u00fcrieren. Das&hellip;","_links":{"self":[{"href":"https:\/\/sarapreis.de\/index.php\/wp-json\/wp\/v2\/pages\/1807"}],"collection":[{"href":"https:\/\/sarapreis.de\/index.php\/wp-json\/wp\/v2\/pages"}],"about":[{"href":"https:\/\/sarapreis.de\/index.php\/wp-json\/wp\/v2\/types\/page"}],"author":[{"embeddable":true,"href":"https:\/\/sarapreis.de\/index.php\/wp-json\/wp\/v2\/users\/1"}],"replies":[{"embeddable":true,"href":"https:\/\/sarapreis.de\/index.php\/wp-json\/wp\/v2\/comments?post=1807"}],"version-history":[{"count":31,"href":"https:\/\/sarapreis.de\/index.php\/wp-json\/wp\/v2\/pages\/1807\/revisions"}],"predecessor-version":[{"id":2065,"href":"https:\/\/sarapreis.de\/index.php\/wp-json\/wp\/v2\/pages\/1807\/revisions\/2065"}],"wp:attachment":[{"href":"https:\/\/sarapreis.de\/index.php\/wp-json\/wp\/v2\/media?parent=1807"}],"curies":[{"name":"wp","href":"https:\/\/api.w.org\/{rel}","templated":true}]}}