{"id":141,"date":"2019-08-20T06:03:37","date_gmt":"2019-08-20T06:03:37","guid":{"rendered":"https:\/\/sarapreis.de\/index.php\/about\/"},"modified":"2023-01-02T14:01:33","modified_gmt":"2023-01-02T14:01:33","slug":"about","status":"publish","type":"page","link":"https:\/\/sarapreis.de\/index.php\/about\/","title":{"rendered":"About"},"content":{"rendered":"\t\t<div data-elementor-type=\"wp-post\" data-elementor-id=\"141\" class=\"elementor elementor-141\">\n\t\t\t\t\t\t\t\t\t<section class=\"elementor-section elementor-top-section elementor-element elementor-element-3e76f71 elementor-section-boxed elementor-section-height-default elementor-section-height-default\" data-id=\"3e76f71\" data-element_type=\"section\">\n\t\t\t\t\t\t<div class=\"elementor-container elementor-column-gap-default\">\n\t\t\t\t\t<div class=\"elementor-column elementor-col-100 elementor-top-column elementor-element elementor-element-d009256\" data-id=\"d009256\" data-element_type=\"column\">\n\t\t\t<div class=\"elementor-widget-wrap elementor-element-populated\">\n\t\t\t\t\t\t\t\t<div class=\"elementor-element elementor-element-0136317 elementor-widget elementor-widget-heading\" data-id=\"0136317\" data-element_type=\"widget\" data-widget_type=\"heading.default\">\n\t\t\t\t<div class=\"elementor-widget-container\">\n\t\t\t<style>\/*! elementor - v3.7.4 - 31-08-2022 *\/\n.elementor-heading-title{padding:0;margin:0;line-height:1}.elementor-widget-heading .elementor-heading-title[class*=elementor-size-]>a{color:inherit;font-size:inherit;line-height:inherit}.elementor-widget-heading .elementor-heading-title.elementor-size-small{font-size:15px}.elementor-widget-heading .elementor-heading-title.elementor-size-medium{font-size:19px}.elementor-widget-heading .elementor-heading-title.elementor-size-large{font-size:29px}.elementor-widget-heading .elementor-heading-title.elementor-size-xl{font-size:39px}.elementor-widget-heading .elementor-heading-title.elementor-size-xxl{font-size:59px}<\/style><h2 class=\"elementor-heading-title elementor-size-xl\">\u00dcber mich<\/h2>\t\t<\/div>\n\t\t\t\t<\/div>\n\t\t\t\t\t<\/div>\n\t\t<\/div>\n\t\t\t\t\t\t\t<\/div>\n\t\t<\/section>\n\t\t\t\t<section class=\"elementor-section elementor-top-section elementor-element elementor-element-4b28956 elementor-section-boxed elementor-section-height-default elementor-section-height-default\" data-id=\"4b28956\" data-element_type=\"section\">\n\t\t\t\t\t\t<div class=\"elementor-container elementor-column-gap-default\">\n\t\t\t\t\t<div class=\"elementor-column elementor-col-100 elementor-top-column elementor-element elementor-element-32a8081\" data-id=\"32a8081\" data-element_type=\"column\">\n\t\t\t<div class=\"elementor-widget-wrap elementor-element-populated\">\n\t\t\t\t\t\t\t\t<div class=\"elementor-element elementor-element-74e979b elementor-widget elementor-widget-text-editor\" data-id=\"74e979b\" data-element_type=\"widget\" data-widget_type=\"text-editor.default\">\n\t\t\t\t<div class=\"elementor-widget-container\">\n\t\t\t<style>\/*! elementor - v3.7.4 - 31-08-2022 *\/\n.elementor-widget-text-editor.elementor-drop-cap-view-stacked .elementor-drop-cap{background-color:#818a91;color:#fff}.elementor-widget-text-editor.elementor-drop-cap-view-framed .elementor-drop-cap{color:#818a91;border:3px solid;background-color:transparent}.elementor-widget-text-editor:not(.elementor-drop-cap-view-default) .elementor-drop-cap{margin-top:8px}.elementor-widget-text-editor:not(.elementor-drop-cap-view-default) .elementor-drop-cap-letter{width:1em;height:1em}.elementor-widget-text-editor .elementor-drop-cap{float:left;text-align:center;line-height:1;font-size:50px}.elementor-widget-text-editor .elementor-drop-cap-letter{display:inline-block}<\/style>\t\t\t\t\t\t\t\t\t\t<\/div>\n\t\t\t\t<\/div>\n\t\t\t\t\t<\/div>\n\t\t<\/div>\n\t\t\t\t\t\t\t<\/div>\n\t\t<\/section>\n\t\t\t\t<section class=\"elementor-section elementor-top-section elementor-element elementor-element-62bf166 elementor-section-boxed elementor-section-height-default elementor-section-height-default\" data-id=\"62bf166\" data-element_type=\"section\">\n\t\t\t\t\t\t<div class=\"elementor-container elementor-column-gap-default\">\n\t\t\t\t\t<div class=\"elementor-column elementor-col-66 elementor-top-column elementor-element elementor-element-0499389\" data-id=\"0499389\" data-element_type=\"column\">\n\t\t\t<div class=\"elementor-widget-wrap elementor-element-populated\">\n\t\t\t\t\t\t\t\t<div class=\"elementor-element elementor-element-82bf91e elementor-widget elementor-widget-text-editor\" data-id=\"82bf91e\" data-element_type=\"widget\" data-widget_type=\"text-editor.default\">\n\t\t\t\t<div class=\"elementor-widget-container\">\n\t\t\t\t\t\t\t<p>Mein Name ist Sara Preis, ich bin 23 Jahre alt und komme aus der N\u00e4he von Bamberg. Ich bin staatlich anerkannte Di\u00e4tassistentin, zertifiziert von unserem Berufsverband VDD e.V.<\/p><p>Ern\u00e4hrung hat schon immer eine sehr wichtige Rolle in meinem Leben gespielt. Schon von klein auf habe ich schon gerne meine Mutter in der K\u00fcche unterst\u00fctzt.<\/p><p>2015 entschied ich mich f\u00fcr die dreij\u00e4hrige Ausbildung als Assistentin f\u00fcr Ern\u00e4hrung und Versorgung in Vierzehnheiligen. Hier konnte ich viele weitere Erfahrungen zum Thema Ern\u00e4hrung und den Umgang mit Lebensmitteln sammeln.<\/p><p>In einem Praktikum in der Gro\u00dfk\u00fcche 2016 lernte ich den Beruf Di\u00e4tassistent\/in kennen und ich merkte, dass ich viel Freude daran hatte, die zust\u00e4ndige Di\u00e4tassistentin in der K\u00fcche zu unterst\u00fctzen.<\/p><p>Ich liebe die Arbeit mit Menschen und das Thema Ern\u00e4hrung, deshalb war f\u00fcr mich klar, dass ich diesen Beruf erlernen m\u00f6chte!<\/p><p>2018 habe ich meine Ausbildung an der Berufsfachschule f\u00fcr Di\u00e4tassistenten in Bayreuth begonnen, und 2021 erfolgreich abgeschlossen.<\/p><p>\u00a0<\/p>\t\t\t\t\t\t<\/div>\n\t\t\t\t<\/div>\n\t\t\t\t\t<\/div>\n\t\t<\/div>\n\t\t\t\t<div class=\"elementor-column elementor-col-33 elementor-top-column elementor-element elementor-element-16ddf22\" data-id=\"16ddf22\" data-element_type=\"column\">\n\t\t\t<div class=\"elementor-widget-wrap elementor-element-populated\">\n\t\t\t\t\t\t\t\t<div class=\"elementor-element elementor-element-a06c9da elementor-widget elementor-widget-image\" data-id=\"a06c9da\" data-element_type=\"widget\" data-widget_type=\"image.default\">\n\t\t\t\t<div class=\"elementor-widget-container\">\n\t\t\t<style>\/*! elementor - v3.7.4 - 31-08-2022 *\/\n.elementor-widget-image{text-align:center}.elementor-widget-image a{display:inline-block}.elementor-widget-image a img[src$=\".svg\"]{width:48px}.elementor-widget-image img{vertical-align:middle;display:inline-block}<\/style>\t\t\t\t\t\t\t\t\t\t\t\t<img decoding=\"async\" width=\"872\" height=\"1024\" src=\"https:\/\/sarapreis.de\/wp-content\/uploads\/2023\/01\/Granatapfel-Gesunde-Samenkerne-1-872x1024.jpg\" class=\"attachment-large size-large\" alt=\"\" loading=\"lazy\" srcset=\"https:\/\/sarapreis.de\/wp-content\/uploads\/2023\/01\/Granatapfel-Gesunde-Samenkerne-1-872x1024.jpg 872w, https:\/\/sarapreis.de\/wp-content\/uploads\/2023\/01\/Granatapfel-Gesunde-Samenkerne-1-255x300.jpg 255w, https:\/\/sarapreis.de\/wp-content\/uploads\/2023\/01\/Granatapfel-Gesunde-Samenkerne-1-768x902.jpg 768w, https:\/\/sarapreis.de\/wp-content\/uploads\/2023\/01\/Granatapfel-Gesunde-Samenkerne-1.jpg 906w\" sizes=\"(max-width: 872px) 100vw, 872px\" \/>\t\t\t\t\t\t\t\t\t\t\t\t\t\t\t<\/div>\n\t\t\t\t<\/div>\n\t\t\t\t\t<\/div>\n\t\t<\/div>\n\t\t\t\t\t\t\t<\/div>\n\t\t<\/section>\n\t\t\t\t<section class=\"elementor-section elementor-top-section elementor-element elementor-element-c013b1c elementor-section-boxed elementor-section-height-default elementor-section-height-default\" data-id=\"c013b1c\" data-element_type=\"section\">\n\t\t\t\t\t\t<div class=\"elementor-container elementor-column-gap-default\">\n\t\t\t\t\t<div class=\"elementor-column elementor-col-66 elementor-top-column elementor-element elementor-element-46f0779\" data-id=\"46f0779\" data-element_type=\"column\">\n\t\t\t<div class=\"elementor-widget-wrap elementor-element-populated\">\n\t\t\t\t\t\t\t\t<div class=\"elementor-element elementor-element-d7c4b87 elementor-widget elementor-widget-text-editor\" data-id=\"d7c4b87\" data-element_type=\"widget\" data-widget_type=\"text-editor.default\">\n\t\t\t\t<div class=\"elementor-widget-container\">\n\t\t\t\t\t\t\t<p>Mir war es sehr wichtig, diese dreij\u00e4hrige Ausbildung mit all den Praktika in unterschiedlichen Einrichtungen zu absolvieren, um einen genauen Einblick in den Beruf zu bekommen. Als Di\u00e4tassistenten haben wir eine gesch\u00fctzte Berufsbezeichnung f\u00fcr einen Medizinalfachberuf. Die fr\u00fcher zweij\u00e4hrige und heute dreij\u00e4hrige Ausbildung erfolgt an staatlich anerkannten Schulen oder an Privatschulen und wird mit einer Examenspr\u00fcfung abgeschlossen. Die Ausbildung umfasst 3.000 Stunden Theorie und 1.400 Stunden praktische Ausbildung.<\/p><p>Leider wird bei der Berufsbezeichnung \u201eDi\u00e4tassistentin\u201c oft angenommen, dass es sich ausschlie\u00dflich um Beratungen zum Thema \u201eAbnehmen\u201c handelt. Dass das Wort Di\u00e4t vom griechischen Wort \u201eDiaita\u201c abstammt und gesunde Lebensweise\/f\u00fchrung bedeutet, ist den meisten gar nicht bekannt.<\/p><p>Seit Hippokrates wird als Di\u00e4t eine spezielle Ern\u00e4hrung des Menschen bezeichnet, bei der l\u00e4ngerfristig oder dauerhaft eine spezielle Auswahl von Lebensmitteln verzehrt wird. Es geht also bei unserer dreij\u00e4hrigen Ausbildung um unterschiedliche Kostformen, die z.B. bei ern\u00e4hrungsbedingten Krankheiten aller Art einen enorm positiven Einfluss haben k\u00f6nnen.<\/p><p>Leider ist hierf\u00fcr der Begriff des sogenannten Ern\u00e4hrungsberaters bei den meisten Leuten bekannt. Als \u201eErn\u00e4hrungsberater\u201c kann man sich jedoch bereits nach einem 6-w\u00f6chigem Online-Kurs bezeichnen. Hier ist auch nicht einheitlich geregelt welche Informationen vermittelt werden.<\/p>\t\t\t\t\t\t<\/div>\n\t\t\t\t<\/div>\n\t\t\t\t\t<\/div>\n\t\t<\/div>\n\t\t\t\t<div class=\"elementor-column elementor-col-33 elementor-top-column elementor-element elementor-element-2562c60\" data-id=\"2562c60\" data-element_type=\"column\">\n\t\t\t<div class=\"elementor-widget-wrap elementor-element-populated\">\n\t\t\t\t\t\t\t\t<div class=\"elementor-element elementor-element-f628c13 elementor-widget elementor-widget-image\" data-id=\"f628c13\" data-element_type=\"widget\" data-widget_type=\"image.default\">\n\t\t\t\t<div class=\"elementor-widget-container\">\n\t\t\t\t\t\t\t\t\t\t\t\t\t\t\t<img decoding=\"async\" width=\"359\" height=\"452\" src=\"https:\/\/sarapreis.de\/wp-content\/uploads\/2023\/01\/HD-wallpaper-apple-fruit-red-love-heart-1.jpg\" class=\"attachment-large size-large\" alt=\"\" loading=\"lazy\" srcset=\"https:\/\/sarapreis.de\/wp-content\/uploads\/2023\/01\/HD-wallpaper-apple-fruit-red-love-heart-1.jpg 359w, https:\/\/sarapreis.de\/wp-content\/uploads\/2023\/01\/HD-wallpaper-apple-fruit-red-love-heart-1-238x300.jpg 238w\" sizes=\"(max-width: 359px) 100vw, 359px\" \/>\t\t\t\t\t\t\t\t\t\t\t\t\t\t\t<\/div>\n\t\t\t\t<\/div>\n\t\t\t\t\t<\/div>\n\t\t<\/div>\n\t\t\t\t\t\t\t<\/div>\n\t\t<\/section>\n\t\t\t\t\t\t\t<\/div>\n\t\t","protected":false},"excerpt":{"rendered":"<p>\u00dcber mich Mein Name ist Sara Preis, ich bin 23 Jahre alt und komme aus der N\u00e4he von Bamberg. Ich bin staatlich anerkannte Di\u00e4tassistentin, zertifiziert von unserem Berufsverband VDD e.V. Ern\u00e4hrung hat schon immer eine sehr wichtige Rolle in meinem Leben gespielt. Schon von klein auf habe ich schon gerne meine Mutter in der K\u00fcche &hellip;<\/p>\n<p class=\"read-more\"> <a class=\"\" href=\"https:\/\/sarapreis.de\/index.php\/about\/\"> <span class=\"screen-reader-text\">About<\/span> Read More &raquo;<\/a><\/p>\n","protected":false},"author":1,"featured_media":0,"parent":0,"menu_order":0,"comment_status":"closed","ping_status":"closed","template":"","meta":{"om_disable_all_campaigns":false,"_monsterinsights_skip_tracking":false,"_monsterinsights_sitenote_active":false,"_monsterinsights_sitenote_note":"","_monsterinsights_sitenote_category":0,"site-sidebar-layout":"no-sidebar","site-content-layout":"page-builder","ast-global-header-display":"","ast-main-header-display":"","ast-hfb-above-header-display":"","ast-hfb-below-header-display":"","ast-hfb-mobile-header-display":"","site-post-title":"disabled","ast-breadcrumbs-content":"","ast-featured-img":"disabled","footer-sml-layout":"","theme-transparent-header-meta":"default","adv-header-id-meta":"","stick-header-meta":"","header-above-stick-meta":"","header-main-stick-meta":"","header-below-stick-meta":""},"aioseo_notices":[],"uagb_featured_image_src":{"full":false,"thumbnail":false,"medium":false,"medium_large":false,"large":false,"1536x1536":false,"2048x2048":false},"uagb_author_info":{"display_name":"hammada.s1996.ms@gmail.com","author_link":"https:\/\/sarapreis.de\/index.php\/author\/hammada-s1996-msgmail-com\/"},"uagb_comment_info":0,"uagb_excerpt":"\u00dcber mich Mein Name ist Sara Preis, ich bin 23 Jahre alt und komme aus der N\u00e4he von Bamberg. Ich bin staatlich anerkannte Di\u00e4tassistentin, zertifiziert von unserem Berufsverband VDD e.V. Ern\u00e4hrung hat schon immer eine sehr wichtige Rolle in meinem Leben gespielt. Schon von klein auf habe ich schon gerne meine Mutter in der K\u00fcche&hellip;","_links":{"self":[{"href":"https:\/\/sarapreis.de\/index.php\/wp-json\/wp\/v2\/pages\/141"}],"collection":[{"href":"https:\/\/sarapreis.de\/index.php\/wp-json\/wp\/v2\/pages"}],"about":[{"href":"https:\/\/sarapreis.de\/index.php\/wp-json\/wp\/v2\/types\/page"}],"author":[{"embeddable":true,"href":"https:\/\/sarapreis.de\/index.php\/wp-json\/wp\/v2\/users\/1"}],"replies":[{"embeddable":true,"href":"https:\/\/sarapreis.de\/index.php\/wp-json\/wp\/v2\/comments?post=141"}],"version-history":[{"count":40,"href":"https:\/\/sarapreis.de\/index.php\/wp-json\/wp\/v2\/pages\/141\/revisions"}],"predecessor-version":[{"id":2009,"href":"https:\/\/sarapreis.de\/index.php\/wp-json\/wp\/v2\/pages\/141\/revisions\/2009"}],"wp:attachment":[{"href":"https:\/\/sarapreis.de\/index.php\/wp-json\/wp\/v2\/media?parent=141"}],"curies":[{"name":"wp","href":"https:\/\/api.w.org\/{rel}","templated":true}]}}